{"id":570,"date":"2025-03-16T09:57:01","date_gmt":"2025-03-16T09:57:01","guid":{"rendered":"https:\/\/promocash-morzine.com\/V2\/?page_id=570"},"modified":"2025-03-20T15:48:56","modified_gmt":"2025-03-20T15:48:56","slug":"poste-en-cdi","status":"publish","type":"page","link":"https:\/\/promocash-morzine.com\/V2\/poste-en-cdi\/","title":{"rendered":"Poste en CDI"},"content":{"rendered":"\n<div class=\"wp-block-group is-layout-constrained wp-container-core-group-is-layout-12243e0f wp-block-group-is-layout-constrained\">\n<div class=\"wp-block-group fond_trans coin_arr is-layout-constrained wp-block-group-is-layout-constrained\">\n<h1 class=\"wp-block-heading has-text-align-center\">Poste en CDI<\/h1>\n\n\n\n<p class=\"has-text-align-left\">Nous sommes \u00e0 la recherche de personnes pour compl\u00e9ter notre \u00e9quipe annuelle.<br><br>Partenaire de proximit\u00e9 des professionels de la restauration, Promocash est une enseigne de cash &amp; carry fond\u00e9e en 1965. Son r\u00e9seau de franchis\u00e9s ind\u00e9pendants, le premier de France, est pr\u00e9sent sur l\u2019ensemble du territoire avec plus de 150 sites (magasins et drives) ouverts aux professionnels.<br><br>Le magasin franchis\u00e9 Promocash de Morzine, recherche un(e) :<\/p>\n<\/div>\n\n\n\n<div class=\"wp-block-group is-layout-constrained wp-block-group-is-layout-constrained\">\n<div class=\"wp-block-columns is-layout-flex wp-container-core-columns-is-layout-65e523f9 wp-block-columns-is-layout-flex\">\n<div class=\"wp-block-column fond_trans coin_arr is-layout-flow wp-block-column-is-layout-flow\" style=\"border-right-width:1px;border-left-width:1px;padding-right:var(--wp--preset--spacing--20);padding-left:var(--wp--preset--spacing--20);flex-basis:100%\">\n<h6 class=\"wp-block-heading has-text-align-center\">Responsable de p\u00f4le Frais F\/H<\/h6>\n\n\n\n<p>Le (la) responsable de p\u00f4le prend en charge la gestion du p\u00f4le frais en assurant les relations clients, la gestion des produits et l\u2019animation de l\u2019\u00e9quipe.<br><br>Vos missions :<\/p>\n\n\n\n<ol class=\"wp-block-list\">\n<li><span style=\"text-decoration: underline;\">Le d\u00e9veloppement commercial :<\/span>\n<ul class=\"wp-block-list\">\n<li>Entretenir une relation de conseil professionnel et de vente avec les clients<\/li>\n\n\n\n<li>Participer \u00e0 la d\u00e9finition des objectifs de CA et de rentabilit\u00e9<\/li>\n\n\n\n<li>D\u00e9velopper le portefeuille client par la r\u00e9alisation d\u2019op\u00e9rations commerciales de recrutement, de fid\u00e9lisation et de suivi.<\/li>\n\n\n\n<li>Mettre en \u0153uvre des actions commerciales pour satisfaire les clients<\/li>\n<\/ul>\n<\/li>\n\n\n\n<li style=\"margin-top:var(--wp--preset--spacing--40);margin-bottom:var(--wp--preset--spacing--40)\"><span style=\"text-decoration: underline;\">Le marchandisage :<\/span>\n<ul class=\"wp-block-list\">\n<li>Assurer le bon approvisionnement du p\u00f4le par la gestion des commandes et du stock<\/li>\n\n\n\n<li>G\u00e9rer les r\u00e9ceptions de marchandises dans le respect des r\u00e8gles de gestion et d\u2019hygi\u00e8ne, la mise en rayon de produit (DLC, rotation des produits)<\/li>\n\n\n\n<li>Appliquer les r\u00e8gles en mati\u00e8re de d\u00e9tention de l\u2019assortiment national et de tarification des produits<\/li>\n\n\n\n<li>Assurer le d\u00e9veloppement des r\u00e9sultats du p\u00f4le tout en respectant les objectifs de CA, marge, d\u00e9marque, taux de service \u2026<\/li>\n<\/ul>\n<\/li>\n\n\n\n<li><span style=\"text-decoration: underline;\">Le contact client :<\/span>\n<ul class=\"wp-block-list\">\n<li>Conna\u00eet nos clients en livraison, est \u00e0 l\u2019\u00e9coute de ceux-ci et identifie leurs besoins.<\/li>\n\n\n\n<li>Assure ou fait diffuser l\u2019information en cas de litige avec nos clients livraisons : ruptures, DLC courtes, \u2026<\/li>\n\n\n\n<li>Propose des produits de substitution en cas de rupture sur une commande client.<\/li>\n\n\n\n<li>Contr\u00f4le et v\u00e9rifie la satisfaction du client (visite ou par t\u00e9l\u00e9phone\u2026)<\/li>\n<\/ul>\n<\/li>\n\n\n\n<li><span style=\"text-decoration: underline;\">L&rsquo;animation de son \u00e9quipe :<\/span>\n<ul class=\"wp-block-list\">\n<li>Garantit la continuit\u00e9 de sa mission pendant ses absences<\/li>\n\n\n\n<li>Ecoute, forme, anime et motive son \u00e9quipe<\/li>\n\n\n\n<li>G\u00e8re le plan de charge de travail quotidien et hebdomadaire<\/li>\n\n\n\n<li>R\u00e9sout les probl\u00e8mes humains \u00e9ventuels<\/li>\n<\/ul>\n<\/li>\n<\/ol>\n\n\n\n<p class=\"has-text-align-center\">Pour le management des saisonniers, le responsable de p\u00f4le doit savoir g\u00e9rer une \u00e9quipe de pr\u00e9parateurs de commandes, de saisisseurs et de chauffeurs-livreurs. C\u2019est un meneur d\u2019hommes, qui sait former, motiver et d\u00e9velopper ses <\/p>\n<\/div>\n\n\n\n<div class=\"wp-block-column fond_trans coin_arr is-layout-flow wp-block-column-is-layout-flow\" style=\"border-right-width:1px;border-left-width:1px;padding-right:var(--wp--preset--spacing--20);padding-left:var(--wp--preset--spacing--20);flex-basis:100%\">\n<h6 class=\"wp-block-heading has-text-align-center\"><strong>RESPONSABLE DES EXPEDITIONS<\/strong><\/h6>\n\n\n\n<p>Le responsable de p\u00f4le exp\u00e9dition est le garant du bon fonctionnement des livraisons, de la prise de commande \u00e0 la livraison chez le client.<\/p>\n\n\n\n<p><strong>Il assure le conseil professionnel et la relation de vente \u00e0 tous les clients en livraison.<\/strong><br><br>Vos missions :<\/p>\n\n\n\n<ol class=\"wp-block-list\">\n<li><span style=\"text-decoration: underline;\">Organisation saisonni\u00e8re :<\/span>\n<ul class=\"wp-block-list\">\n<li>Organise les tourn\u00e9es en collaboration avec le responsable commercial.<\/li>\n\n\n\n<li>D\u00e9termine ses besoins en personnel et mat\u00e9riel (camions, t\u00e9l\u00e9phone, \u2026) pour toute la dur\u00e9e de la saison.<\/li>\n\n\n\n<li>G\u00e8re un parc de v\u00e9hicules de livraison (entretien, entr\u00e9e et sortie durant la saison, \u2026)<\/li>\n<\/ul>\n<\/li>\n\n\n\n<li style=\"margin-top:var(--wp--preset--spacing--40);margin-bottom:var(--wp--preset--spacing--40)\"><span style=\"text-decoration: underline;\">La gestion des commandes clients :<\/span>\n<ul class=\"wp-block-list\">\n<li>R\u00e9cup\u00e8re les commandes clients en fonction des tops horaires, via le site e-commerce, le r\u00e9pondeur, les commerciaux, les autres collaborateurs, \u2026<\/li>\n\n\n\n<li>Dispatche les pr\u00e9parations de commandes clients selon la priorit\u00e9 des secteurs de livraison<\/li>\n\n\n\n<li>Assure ou fait r\u00e9aliser la pr\u00e9paration des marchandises dans le respect des DLC, de la cha\u00eene du froid, des conditionnements, \u2026<\/li>\n\n\n\n<li>Contr\u00f4le la qualit\u00e9 des pr\u00e9parations : les DLC les plus longues, les produits les plus beaux et les plus frais, l\u2019exactitude des marchandises pr\u00e9par\u00e9es avec celles command\u00e9es, \u2026<\/li>\n\n\n\n<li>Assure ou fait r\u00e9aliser la saisie de ces pr\u00e9parations,<\/li>\n\n\n\n<li>Contr\u00f4le la qualit\u00e9 de la saisie,<\/li>\n\n\n\n<li>Dispatche les commandes clients selon les secteurs de livraison<\/li>\n<\/ul>\n<\/li>\n\n\n\n<li><span style=\"text-decoration: underline;\">Le contact client :<\/span>\n<ul class=\"wp-block-list\">\n<li>Conna\u00eet nos clients en livraison, est \u00e0 l\u2019\u00e9coute de ceux-ci et identifie leurs besoins.<\/li>\n\n\n\n<li>Assure ou fait diffuser l\u2019information en cas de litige avec nos clients livraisons : ruptures, DLC courtes, \u2026<\/li>\n\n\n\n<li>Propose des produits de substitution en cas de rupture sur une commande client.<\/li>\n\n\n\n<li>Contr\u00f4le et v\u00e9rifie la satisfaction du client (visite ou par t\u00e9l\u00e9phone\u2026)<\/li>\n<\/ul>\n<\/li>\n\n\n\n<li><span style=\"text-decoration: underline;\">L&rsquo;animation de son \u00e9quipe :<\/span>\n<ul class=\"wp-block-list\">\n<li>Garantit la continuit\u00e9 de sa mission pendant ses absences<\/li>\n\n\n\n<li>Ecoute, forme, anime et motive son \u00e9quipe<\/li>\n\n\n\n<li>G\u00e8re le plan de charge de travail quotidien et hebdomadaire<\/li>\n\n\n\n<li>R\u00e9sout les probl\u00e8mes humains \u00e9ventuels<\/li>\n<\/ul>\n<\/li>\n<\/ol>\n\n\n\n<p class=\"has-text-align-center\">Pour le management des saisonniers, le responsable de p\u00f4le doit savoir g\u00e9rer une \u00e9quipe de pr\u00e9parateurs de commandes, de saisisseurs et de chauffeurs-livreurs. C\u2019est un meneur d\u2019hommes, qui sait former, motiver et d\u00e9velopper ses <\/p>\n<\/div>\n<\/div>\n<\/div>\n\n\n\n<div class=\"wp-block-group fond_trans coin_arr is-layout-constrained wp-block-group-is-layout-constrained\">\n<h5 class=\"wp-block-heading has-text-align-center\">Contrats<\/h5>\n\n\n\n<div class=\"wp-block-columns is-layout-flex wp-container-core-columns-is-layout-28f84493 wp-block-columns-is-layout-flex\">\n<div class=\"wp-block-column is-layout-flow wp-block-column-is-layout-flow\">\n<h6 class=\"wp-block-heading has-text-align-center\">Votre profil :<\/h6>\n\n\n\n<ul class=\"wp-block-list\">\n<li>Vous avez obtenu au minimum un bac+2 (de pr\u00e9f\u00e9rence avec une orientation commerce ou alimentaire).<\/li>\n\n\n\n<li>Une exp\u00e9rience sur un poste similaire serait un plus.<\/li>\n\n\n\n<li>Votre orientation client, votre capacit\u00e9 \u00e0 animer une \u00e9quipe, votre organisation, votre r\u00e9activit\u00e9 et votre connaissance des produits frais contribueront \u00e0 votre succ\u00e8s.<\/li>\n\n\n\n<li>Bonne humeur et motivation seront privil\u00e9gi\u00e9es<\/li>\n<\/ul>\n<\/div>\n\n\n\n<div class=\"wp-block-column is-layout-flow wp-block-column-is-layout-flow\">\n<h6 class=\"wp-block-heading has-text-align-center\">Condition de travail :<\/h6>\n\n\n\n<ul class=\"wp-block-list\">\n<li>Contrat CDI 39H\/sem, annualis\u00e9es<\/li>\n\n\n\n<li>Salaire brut mensuel de 2100\u20ac r\u00e9visable apres une 1ere saison<\/li>\n\n\n\n<li>13eme mois<\/li>\n\n\n\n<li>PEE avec abondement \u00e0 300%<\/li>\n\n\n\n<li>Mutuelle entreprise prise en charges \u00e0 50%<\/li>\n\n\n\n<li>Prime d&rsquo;int\u00e9ressement<\/li>\n\n\n\n<li>Achat en magasin \u00e0 prix coutant<\/li>\n\n\n\n<li>Pauses pay\u00e9es<\/li>\n<\/ul>\n<\/div>\n<\/div>\n\n\n\n<p class=\"has-text-align-center\">Merci de nous envoyer un CV et une lettre de motivation \u00e0 : <br><a href=\"mailto:emplois@promocash-morzine.com\">emplois@promocash-morzine.com<\/a><\/p>\n\n\n\n<p><\/p>\n<\/div>\n<\/div>\n","protected":false},"excerpt":{"rendered":"<p>Poste en CDI Nous sommes \u00e0 la recherche de personnes pour compl\u00e9ter notre \u00e9quipe annuelle. Partenaire de proximit\u00e9 des professionels de la restauration, Promocash est une enseigne de cash &amp; carry fond\u00e9e en 1965. Son r\u00e9seau de franchis\u00e9s ind\u00e9pendants, le premier de France, est pr\u00e9sent sur l\u2019ensemble du territoire avec plus de 150 sites (magasins [&hellip;]<\/p>\n","protected":false},"author":1,"featured_media":0,"parent":0,"menu_order":0,"comment_status":"closed","ping_status":"closed","template":"","meta":{"site-sidebar-layout":"default","site-content-layout":"","ast-site-content-layout":"default","site-content-style":"default","site-sidebar-style":"default","ast-global-header-display":"","ast-banner-title-visibility":"","ast-main-header-display":"","ast-hfb-above-header-display":"","ast-hfb-below-header-display":"","ast-hfb-mobile-header-display":"","site-post-title":"","ast-breadcrumbs-content":"","ast-featured-img":"","footer-sml-layout":"","ast-disable-related-posts":"","theme-transparent-header-meta":"","adv-header-id-meta":"","stick-header-meta":"","header-above-stick-meta":"","header-main-stick-meta":"","header-below-stick-meta":"","astra-migrate-meta-layouts":"default","ast-page-background-enabled":"default","ast-page-background-meta":{"desktop":{"background-color":"var(--ast-global-color-4)","background-image":"","background-repeat":"repeat","background-position":"center center","background-size":"auto","background-attachment":"scroll","background-type":"","background-media":"","overlay-type":"","overlay-color":"","overlay-opacity":"","overlay-gradient":""},"tablet":{"background-color":"","background-image":"","background-repeat":"repeat","background-position":"center center","background-size":"auto","background-attachment":"scroll","background-type":"","background-media":"","overlay-type":"","overlay-color":"","overlay-opacity":"","overlay-gradient":""},"mobile":{"background-color":"","background-image":"","background-repeat":"repeat","background-position":"center center","background-size":"auto","background-attachment":"scroll","background-type":"","background-media":"","overlay-type":"","overlay-color":"","overlay-opacity":"","overlay-gradient":""}},"ast-content-background-meta":{"desktop":{"background-color":"var(--ast-global-color-5)","background-image":"","background-repeat":"repeat","background-position":"center center","background-size":"auto","background-attachment":"scroll","background-type":"","background-media":"","overlay-type":"","overlay-color":"","overlay-opacity":"","overlay-gradient":""},"tablet":{"background-color":"var(--ast-global-color-5)","background-image":"","background-repeat":"repeat","background-position":"center center","background-size":"auto","background-attachment":"scroll","background-type":"","background-media":"","overlay-type":"","overlay-color":"","overlay-opacity":"","overlay-gradient":""},"mobile":{"background-color":"var(--ast-global-color-5)","background-image":"","background-repeat":"repeat","background-position":"center center","background-size":"auto","background-attachment":"scroll","background-type":"","background-media":"","overlay-type":"","overlay-color":"","overlay-opacity":"","overlay-gradient":""}},"footnotes":""},"class_list":["post-570","page","type-page","status-publish","hentry"],"_links":{"self":[{"href":"https:\/\/promocash-morzine.com\/V2\/wp-json\/wp\/v2\/pages\/570","targetHints":{"allow":["GET"]}}],"collection":[{"href":"https:\/\/promocash-morzine.com\/V2\/wp-json\/wp\/v2\/pages"}],"about":[{"href":"https:\/\/promocash-morzine.com\/V2\/wp-json\/wp\/v2\/types\/page"}],"author":[{"embeddable":true,"href":"https:\/\/promocash-morzine.com\/V2\/wp-json\/wp\/v2\/users\/1"}],"replies":[{"embeddable":true,"href":"https:\/\/promocash-morzine.com\/V2\/wp-json\/wp\/v2\/comments?post=570"}],"version-history":[{"count":16,"href":"https:\/\/promocash-morzine.com\/V2\/wp-json\/wp\/v2\/pages\/570\/revisions"}],"predecessor-version":[{"id":597,"href":"https:\/\/promocash-morzine.com\/V2\/wp-json\/wp\/v2\/pages\/570\/revisions\/597"}],"wp:attachment":[{"href":"https:\/\/promocash-morzine.com\/V2\/wp-json\/wp\/v2\/media?parent=570"}],"curies":[{"name":"wp","href":"https:\/\/api.w.org\/{rel}","templated":true}]}}